{"id":1074,"date":"2020-10-05T20:31:38","date_gmt":"2020-10-05T23:31:38","guid":{"rendered":"https:\/\/enssaenzpena-cba.infd.edu.ar\/sitio\/?page_id=1074"},"modified":"2020-10-27T18:11:27","modified_gmt":"2020-10-27T21:11:27","slug":"epistemologia-e-investigacion-historica","status":"publish","type":"page","link":"https:\/\/enssaenzpena-cba.infd.edu.ar\/sitio\/convocatorias\/epistemologia-e-investigacion-historica\/","title":{"rendered":"EPISTEMOLOG\u00cdA E INVESTIGACI\u00d3N HIST\u00d3RICA"},"content":{"rendered":"<h2 style=\"text-align: center;\"><span style=\"color: #993366;\"><strong>ACTA DICTAMEN\u00a0 EPISTEMOLOG\u00cdA E INVESTIGACI\u00d3N HIST\u00d3RICA<\/strong><\/span><\/h2>\n<p><strong>27\/10\/2020<\/strong><\/p>\n<p>Se pone en conocimiento\u00a0 lo resuelto por la Comisi\u00f3n Evaluadora de D.G.E.S, adjuntando el Acta Dictamen con el correspondiente\u00a0orden de m\u00e9rito.<\/p>\n<p>La presente lista de Orden de M\u00e9rito ser\u00e1 publicada por nuestra instituci\u00f3n educativa durante 48 hs.<\/p>\n<p>Durante el per\u00edodo de publicaci\u00f3n y hasta el d\u00eda h\u00e1bil posterior de la finalizaci\u00f3n de la misma, los aspirantes deber\u00e1n remitir correo electr\u00f3nico a la instituci\u00f3n, aceptando el ofrecimiento. Caso contrario, se considerar\u00e1 que ha desistido del mismo.<\/p>\n<p>Una vez aceptado el ofrecimiento la instituci\u00f3n proceder\u00e1 a la designaci\u00f3n del docente.<\/p>\n<p>Correo Electr\u00f3nico al que los aspirantes enviar\u00e1n la notificaci\u00f3n:\u00a0\u00a0<strong>liceocosquin@gmail.com<\/strong><\/p>\n<p>A continuaci\u00f3n encontrar\u00e1 el Acta dictamen.<\/p>\n<p><a href=\"https:\/\/enssaenzpena-cba.infd.edu.ar\/sitio\/wp-content\/uploads\/2020\/10\/Acta-dictamen-Epistemolog\u00eda.pdf\">Acta dictamen Epistemolog\u00eda<\/a><\/p>\n<hr \/>\n<hr \/>\n<p>&nbsp;<\/p>\n<p>Leer adjuntos antes de realizar la Solicitud<\/p>\n<p><a href=\"https:\/\/enssaenzpena-cba.infd.edu.ar\/sitio\/convocatorias\/historia-y-politica-de-la-educacion-argentina\/form_insc_194-2020\/\" rel=\"attachment wp-att-1067\">Form_Insc_194-2020<\/a><\/p>\n<p><a href=\"https:\/\/enssaenzpena-cba.infd.edu.ar\/sitio\/convocatorias\/historia-y-politica-de-la-educacion-argentina\/publicacion-de-horas-vacantes\/\" rel=\"attachment wp-att-1070\">Publicaci\u00f3n de horas vacantes<\/a><\/p>\n<p><a href=\"https:\/\/enssaenzpena-cba.infd.edu.ar\/sitio\/convocatorias\/historia-y-politica-de-la-educacion-argentina\/orientaciones-y-criterios-para-valoracion-del-proyecto-de-abordaje-del-espacio-curricular-que-contemple-virtualidad-en-el-marco-de-la-rm-194\/\" rel=\"attachment wp-att-1069\">Orientaciones y criterios para valoraci\u00f3n del proyecto de abordaje del espacio curricular que contemple virtualidad en el marco de la RM 194<\/a><\/p>\n<p><a href=\"https:\/\/enssaenzpena-cba.infd.edu.ar\/sitio\/convocatorias\/historia-y-politica-de-la-educacion-argentina\/formatocv-ultimo\/\" rel=\"attachment wp-att-1068\">FormatoCV( \u00faltimo)<\/a><\/p>\n<p><em>\u00a0\u201c2020 &#8211; A\u00f1o del Bicentenario del Paso a la Inmortalidad del General Manuel Belgrano\u201d<\/em><\/p>\n<ul>\n<li>Instituci\u00f3n: COLEGIO SUPERIOR PRESIDENTE ROQUE S\u00c1ENZ PE\u00d1A<\/li>\n<li>Carrera: PROFESORADO DE EDUCACI\u00d3N SECUNDARIA EN HISTORIA<\/li>\n<li>Espacio curricular: EPISTEMOLOG\u00cdA E INVESTIGACI\u00d3N HIST\u00d3RICA (A80032)<\/li>\n<li>Car\u00e1cter: INTERINO A T\u00c9RMINO<\/li>\n<li>Curso\/Divisi\u00f3n: 3\u00b0<\/li>\n<li>Carga horaria: 4 HS<\/li>\n<li>D\u00edas y horario de desempe\u00f1o: MARTES DE 19,20 A 20; 20,10 A 20,50; 20,50 A 21,30; 21,30 A 22,10 HS<\/li>\n<li>Causal de la vacante: RENUNCIA<\/li>\n<li>P\u00e1gina WEB: <u>http:\/\/enssaenzpena.cba.infd.edu.ar\/<\/u><\/li>\n<li>Correo Electr\u00f3nico: <a href=\"mailto:liceocosquin@gmail.com\">liceocosquin@gmail.com<\/a><\/li>\n<\/ul>\n<p>&nbsp;<\/p>\n<table>\n<tbody>\n<tr>\n<td width=\"641\">Fecha de Publicaci\u00f3n: 6 de Octubre hasta 8\u00a0 de Octubre de 2020<\/td>\n<\/tr>\n<\/tbody>\n<\/table>\n","protected":false},"excerpt":{"rendered":"<p>ACTA DICTAMEN\u00a0 EPISTEMOLOG\u00cdA E INVESTIGACI\u00d3N HIST\u00d3RICA 27\/10\/2020 Se pone en conocimiento\u00a0 lo resuelto por la Comisi\u00f3n Evaluadora de D.G.E.S, adjuntando el Acta Dictamen con el correspondiente\u00a0orden de m\u00e9rito. La presente lista de Orden de M\u00e9rito ser\u00e1 publicada por nuestra instituci\u00f3n educativa durante 48 hs. Durante el per\u00edodo de publicaci\u00f3n y hasta el d\u00eda h\u00e1bil posterior &#8230; <a title=\"EPISTEMOLOG\u00cdA E INVESTIGACI\u00d3N HIST\u00d3RICA\" class=\"read-more\" href=\"https:\/\/enssaenzpena-cba.infd.edu.ar\/sitio\/convocatorias\/epistemologia-e-investigacion-historica\/\" aria-label=\"More on EPISTEMOLOG\u00cdA E INVESTIGACI\u00d3N HIST\u00d3RICA\">[+]<\/a><\/p>\n","protected":false},"author":107,"featured_media":0,"parent":742,"menu_order":0,"comment_status":"closed","ping_status":"closed","template":"","meta":[],"acf":[],"_links":{"self":[{"href":"https:\/\/enssaenzpena-cba.infd.edu.ar\/sitio\/wp-json\/wp\/v2\/pages\/1074"}],"collection":[{"href":"https:\/\/enssaenzpena-cba.infd.edu.ar\/sitio\/wp-json\/wp\/v2\/pages"}],"about":[{"href":"https:\/\/enssaenzpena-cba.infd.edu.ar\/sitio\/wp-json\/wp\/v2\/types\/page"}],"author":[{"embeddable":true,"href":"https:\/\/enssaenzpena-cba.infd.edu.ar\/sitio\/wp-json\/wp\/v2\/users\/107"}],"replies":[{"embeddable":true,"href":"https:\/\/enssaenzpena-cba.infd.edu.ar\/sitio\/wp-json\/wp\/v2\/comments?post=1074"}],"version-history":[{"count":3,"href":"https:\/\/enssaenzpena-cba.infd.edu.ar\/sitio\/wp-json\/wp\/v2\/pages\/1074\/revisions"}],"predecessor-version":[{"id":1095,"href":"https:\/\/enssaenzpena-cba.infd.edu.ar\/sitio\/wp-json\/wp\/v2\/pages\/1074\/revisions\/1095"}],"up":[{"embeddable":true,"href":"https:\/\/enssaenzpena-cba.infd.edu.ar\/sitio\/wp-json\/wp\/v2\/pages\/742"}],"wp:attachment":[{"href":"https:\/\/enssaenzpena-cba.infd.edu.ar\/sitio\/wp-json\/wp\/v2\/media?parent=1074"}],"curies":[{"name":"wp","href":"https:\/\/api.w.org\/{rel}","templated":true}]}}