{"id":1077,"date":"2020-10-05T20:34:06","date_gmt":"2020-10-05T23:34:06","guid":{"rendered":"https:\/\/enssaenzpena-cba.infd.edu.ar\/sitio\/?page_id=1077"},"modified":"2020-10-27T18:14:55","modified_gmt":"2020-10-27T21:14:55","slug":"practica-docente-iii-el-aula-espacio-del-aprender-y-del-ensenar","status":"publish","type":"page","link":"https:\/\/enssaenzpena-cba.infd.edu.ar\/sitio\/convocatorias\/practica-docente-iii-el-aula-espacio-del-aprender-y-del-ensenar\/","title":{"rendered":"PR\u00c1CTICA DOCENTE III (EL AULA: ESPACIO DEL APRENDER Y DEL ENSE\u00d1AR)"},"content":{"rendered":"<h2 style=\"text-align: center;\"><span style=\"color: #993366;\"><strong>ACTA DICTAMEN PR\u00c1CTICA DOCENTE III<\/strong><\/span><\/h2>\n<p><strong>27\/10\/2020<\/strong><\/p>\n<p>Se pone en conocimiento\u00a0 lo resuelto por la Comisi\u00f3n Evaluadora de D.G.E.S, adjuntando el Acta Dictamen con el correspondiente\u00a0orden de m\u00e9rito.<\/p>\n<p>La presente lista de Orden de M\u00e9rito ser\u00e1 publicada por nuestra instituci\u00f3n educativa durante 48 hs.<\/p>\n<p>Durante el per\u00edodo de publicaci\u00f3n y hasta el d\u00eda h\u00e1bil posterior de la finalizaci\u00f3n de la misma, los aspirantes deber\u00e1n remitir correo electr\u00f3nico a la instituci\u00f3n, aceptando el ofrecimiento. Caso contrario, se considerar\u00e1 que ha desistido del mismo.<\/p>\n<p>Una vez aceptado el ofrecimiento la instituci\u00f3n proceder\u00e1 a la designaci\u00f3n del docente.<\/p>\n<p>Correo Electr\u00f3nico al que los aspirantes enviar\u00e1n la notificaci\u00f3n:\u00a0\u00a0<strong>liceocosquin@gmail.com<\/strong><\/p>\n<p>A continuaci\u00f3n encontrar\u00e1 el Acta dictamen.<\/p>\n<p><a href=\"https:\/\/enssaenzpena-cba.infd.edu.ar\/sitio\/wp-content\/uploads\/2020\/10\/Acta-dictamen-Pr\u00e1ctica-III.pdf\">Acta dictamen Pr\u00e1ctica III<\/a><\/p>\n<hr \/>\n<hr \/>\n<p>Leer adjuntos antes de realizar la solicitud.<\/p>\n<p><a href=\"https:\/\/enssaenzpena-cba.infd.edu.ar\/sitio\/convocatorias\/historia-y-politica-de-la-educacion-argentina\/publicacion-de-horas-vacantes\/\" rel=\"attachment wp-att-1070\">Publicaci\u00f3n de horas vacantes<\/a><\/p>\n<p><a href=\"https:\/\/enssaenzpena-cba.infd.edu.ar\/sitio\/convocatorias\/historia-y-politica-de-la-educacion-argentina\/orientaciones-y-criterios-para-valoracion-del-proyecto-de-abordaje-del-espacio-curricular-que-contemple-virtualidad-en-el-marco-de-la-rm-194\/\" rel=\"attachment wp-att-1069\">Orientaciones y criterios para valoraci\u00f3n del proyecto de abordaje del espacio curricular que contemple virtualidad en el marco de la RM 194<\/a><\/p>\n<p><a href=\"https:\/\/enssaenzpena-cba.infd.edu.ar\/sitio\/convocatorias\/historia-y-politica-de-la-educacion-argentina\/formatocv-ultimo\/\" rel=\"attachment wp-att-1068\">FormatoCV( \u00faltimo)<\/a><\/p>\n<p><a href=\"https:\/\/enssaenzpena-cba.infd.edu.ar\/sitio\/convocatorias\/historia-y-politica-de-la-educacion-argentina\/form_insc_194-2020\/\" rel=\"attachment wp-att-1067\">Form_Insc_194-2020<\/a><\/p>\n<p><em>\u00a0\u201c2020 &#8211; A\u00f1o del Bicentenario del Paso a la Inmortalidad del General Manuel Belgrano\u201d<\/em><\/p>\n<ul>\n<li>Instituci\u00f3n: COLEGIO SUPERIOR PRESIDENTE ROQUE S\u00c1ENZ PE\u00d1A<\/li>\n<li>Carrera: PROFESORADO DE EDUCACI\u00d3N SECUNDARIA EN HISTORIA<\/li>\n<li>Espacio curricular: PR\u00c1CTICA DOCENTE III (EL AULA: ESPACIO DEL APRENDER Y DEL ENSE\u00d1AR) (A77257)<\/li>\n<li>Car\u00e1cter: INTERINO A T\u00c9RMINO<\/li>\n<li>Curso\/Divisi\u00f3n: 3\u00b0<\/li>\n<li>Carga horaria: 6 HS<\/li>\n<li>D\u00edas y horario de desempe\u00f1o: LUNES DE 17.20 A 18, JUEVES DE 17,20 A 18, 18 A 18,40, 18,40 A 19,20 19,20 A 20, VIERNES 21,30 A 22,10 HS<\/li>\n<li>Causal de la vacante: JUBILACI\u00d3N<\/li>\n<li>P\u00e1gina WEB: <u>http:\/\/enssaenzpena.cba.infd.edu.ar\/<\/u><\/li>\n<li>Correo Electr\u00f3nico: <a href=\"mailto:liceocosquin@gmail.com\">liceocosquin@gmail.com<\/a><\/li>\n<\/ul>\n<p>&nbsp;<\/p>\n<table>\n<tbody>\n<tr>\n<td width=\"641\">Fecha de Publicaci\u00f3n: Desde 6 de Octubre hasta 8 de Octubre de 2020<\/td>\n<\/tr>\n<\/tbody>\n<\/table>\n","protected":false},"excerpt":{"rendered":"<p>ACTA DICTAMEN PR\u00c1CTICA DOCENTE III 27\/10\/2020 Se pone en conocimiento\u00a0 lo resuelto por la Comisi\u00f3n Evaluadora de D.G.E.S, adjuntando el Acta Dictamen con el correspondiente\u00a0orden de m\u00e9rito. La presente lista de Orden de M\u00e9rito ser\u00e1 publicada por nuestra instituci\u00f3n educativa durante 48 hs. Durante el per\u00edodo de publicaci\u00f3n y hasta el d\u00eda h\u00e1bil posterior de &#8230; <a title=\"PR\u00c1CTICA DOCENTE III (EL AULA: ESPACIO DEL APRENDER Y DEL ENSE\u00d1AR)\" class=\"read-more\" href=\"https:\/\/enssaenzpena-cba.infd.edu.ar\/sitio\/convocatorias\/practica-docente-iii-el-aula-espacio-del-aprender-y-del-ensenar\/\" aria-label=\"More on PR\u00c1CTICA DOCENTE III (EL AULA: ESPACIO DEL APRENDER Y DEL ENSE\u00d1AR)\">[+]<\/a><\/p>\n","protected":false},"author":107,"featured_media":0,"parent":742,"menu_order":0,"comment_status":"closed","ping_status":"closed","template":"","meta":[],"acf":[],"_links":{"self":[{"href":"https:\/\/enssaenzpena-cba.infd.edu.ar\/sitio\/wp-json\/wp\/v2\/pages\/1077"}],"collection":[{"href":"https:\/\/enssaenzpena-cba.infd.edu.ar\/sitio\/wp-json\/wp\/v2\/pages"}],"about":[{"href":"https:\/\/enssaenzpena-cba.infd.edu.ar\/sitio\/wp-json\/wp\/v2\/types\/page"}],"author":[{"embeddable":true,"href":"https:\/\/enssaenzpena-cba.infd.edu.ar\/sitio\/wp-json\/wp\/v2\/users\/107"}],"replies":[{"embeddable":true,"href":"https:\/\/enssaenzpena-cba.infd.edu.ar\/sitio\/wp-json\/wp\/v2\/comments?post=1077"}],"version-history":[{"count":7,"href":"https:\/\/enssaenzpena-cba.infd.edu.ar\/sitio\/wp-json\/wp\/v2\/pages\/1077\/revisions"}],"predecessor-version":[{"id":1097,"href":"https:\/\/enssaenzpena-cba.infd.edu.ar\/sitio\/wp-json\/wp\/v2\/pages\/1077\/revisions\/1097"}],"up":[{"embeddable":true,"href":"https:\/\/enssaenzpena-cba.infd.edu.ar\/sitio\/wp-json\/wp\/v2\/pages\/742"}],"wp:attachment":[{"href":"https:\/\/enssaenzpena-cba.infd.edu.ar\/sitio\/wp-json\/wp\/v2\/media?parent=1077"}],"curies":[{"name":"wp","href":"https:\/\/api.w.org\/{rel}","templated":true}]}}