{"id":1080,"date":"2020-10-05T20:36:12","date_gmt":"2020-10-05T23:36:12","guid":{"rendered":"https:\/\/enssaenzpena-cba.infd.edu.ar\/sitio\/?page_id=1080"},"modified":"2020-11-18T23:13:52","modified_gmt":"2020-11-19T02:13:52","slug":"udi-i-politica-internacional","status":"publish","type":"page","link":"https:\/\/enssaenzpena-cba.infd.edu.ar\/sitio\/convocatorias\/udi-i-politica-internacional\/","title":{"rendered":"UDI I: POL\u00cdTICA INTERNACIONAL"},"content":{"rendered":"<p style=\"text-align: center;\"><span style=\"color: #800080;\"><strong>ACTA DICTAMEN POL\u00cdTICA INTERNACIONAL<\/strong><\/span><\/p>\n<p>18\/11\/2020<\/p>\n<p>Se pone en conocimiento\u00a0 lo resuelto por la Comisi\u00f3n Evaluadora de D.G.E.S, adjuntando el Acta Dictamen con el correspondiente\u00a0orden de m\u00e9rito.<\/p>\n<p>La presente lista de Orden de M\u00e9rito ser\u00e1 publicada por nuestra instituci\u00f3n educativa durante 48 hs.<\/p>\n<p>Durante el per\u00edodo de publicaci\u00f3n y hasta el d\u00eda h\u00e1bil posterior de la finalizaci\u00f3n de la misma, los aspirantes deber\u00e1n remitir correo electr\u00f3nico a la instituci\u00f3n, aceptando el ofrecimiento. Caso contrario, se considerar\u00e1 que ha desistido del mismo.<\/p>\n<p>Una vez aceptado el ofrecimiento la instituci\u00f3n proceder\u00e1 a la designaci\u00f3n del docente.<\/p>\n<p>Correo Electr\u00f3nico al que los aspirantes enviar\u00e1n la notificaci\u00f3n:\u00a0\u00a0liceocosquin@gmail.com<\/p>\n<p>A continuaci\u00f3n encontrar\u00e1 el Acta dictamen.<\/p>\n<p><a href=\"https:\/\/enssaenzpena-cba.infd.edu.ar\/sitio\/wp-content\/uploads\/2020\/11\/ACTA-DICTAMEN-POL\u00cdTICA-INTERNACIONAL.pdf\">ACTA DICTAMEN POL\u00cdTICA INTERNACIONAL<\/a><\/p>\n<p>&nbsp;<\/p>\n<p>&nbsp;<\/p>\n<p>Leer Adjuntos antes de realizar la Solicitud<\/p>\n<p><a href=\"https:\/\/enssaenzpena-cba.infd.edu.ar\/sitio\/convocatorias\/historia-y-politica-de-la-educacion-argentina\/publicacion-de-horas-vacantes\/\" rel=\"attachment wp-att-1070\">Publicaci\u00f3n de horas vacantes<\/a><\/p>\n<p><a href=\"https:\/\/enssaenzpena-cba.infd.edu.ar\/sitio\/convocatorias\/historia-y-politica-de-la-educacion-argentina\/orientaciones-y-criterios-para-valoracion-del-proyecto-de-abordaje-del-espacio-curricular-que-contemple-virtualidad-en-el-marco-de-la-rm-194\/\" rel=\"attachment wp-att-1069\">Orientaciones y criterios para valoraci\u00f3n del proyecto de abordaje del espacio curricular que contemple virtualidad en el marco de la RM 194<\/a><\/p>\n<p><a href=\"https:\/\/enssaenzpena-cba.infd.edu.ar\/sitio\/convocatorias\/historia-y-politica-de-la-educacion-argentina\/formatocv-ultimo\/\" rel=\"attachment wp-att-1068\">FormatoCV( \u00faltimo)<\/a><\/p>\n<p><a href=\"https:\/\/enssaenzpena-cba.infd.edu.ar\/sitio\/convocatorias\/historia-y-politica-de-la-educacion-argentina\/form_insc_194-2020\/\" rel=\"attachment wp-att-1067\">Form_Insc_194-2020<\/a><\/p>\n<p><i><span style=\"font-weight: 400;\">\u00a0\u201c2020 &#8211; A\u00f1o del Bicentenario del Paso a la Inmortalidad del General Manuel Belgrano\u201d<\/span><\/i><\/p>\n<ul>\n<li><span style=\"font-weight: 400;\">Instituci\u00f3n: COLEGIO SUPERIOR PRESIDENTE ROQUE S\u00c1ENZ PE\u00d1A<\/span><\/li>\n<li><span style=\"font-weight: 400;\">Carrera: PROFESORADO DE EDUCACI\u00d3N SECUNDARIA EN HISTORIA<\/span><\/li>\n<li><span style=\"font-weight: 400;\">Espacio curricular: UDI I: POL\u00cdTICA INTERNACIONAL (<\/span><span style=\"font-weight: 400;\">A77148)<\/span><\/li>\n<li><span style=\"font-weight: 400;\">Car\u00e1cter: SUPLENTE<\/span><\/li>\n<li><span style=\"font-weight: 400;\">Curso\/Divisi\u00f3n: 3\u00b0<\/span><\/li>\n<li><span style=\"font-weight: 400;\">Carga horaria: 3HS<\/span><\/li>\n<li><span style=\"font-weight: 400;\">D\u00edas y horario de desempe\u00f1o: MI\u00c9RCOLES 17,20 A 18; 18 A 18,40; 18,40 A 19,20 HS<\/span><\/li>\n<li><span style=\"font-weight: 400;\">Causal de la vacante: LICENCIA POR ENFERMEDAD<\/span><\/li>\n<\/ul>\n<ul>\n<li style=\"font-weight: 400;\"><span style=\"font-weight: 400;\">P\u00e1gina WEB: <\/span><span style=\"font-weight: 400;\">http:\/\/enssaenzpena.cba.infd.edu.ar\/<\/span><\/li>\n<li style=\"font-weight: 400;\"><span style=\"font-weight: 400;\">Correo Electr\u00f3nico: <\/span><a href=\"mailto:liceocosquin@gmail.com\"><span style=\"font-weight: 400;\">liceocosquin@gmail.com<\/span><\/a><\/li>\n<\/ul>\n<p>&nbsp;<\/p>\n<table>\n<tbody>\n<tr>\n<td><span style=\"font-weight: 400;\">Fecha de Publicaci\u00f3n; Desde 6 de Octubre hasta 8 de Octubre de 2020<\/span><\/td>\n<\/tr>\n<\/tbody>\n<\/table>\n<p>&nbsp;<\/p>\n<p>&nbsp;<\/p>\n","protected":false},"excerpt":{"rendered":"<p>ACTA DICTAMEN POL\u00cdTICA INTERNACIONAL 18\/11\/2020 Se pone en conocimiento\u00a0 lo resuelto por la Comisi\u00f3n Evaluadora de D.G.E.S, adjuntando el Acta Dictamen con el correspondiente\u00a0orden de m\u00e9rito. La presente lista de Orden de M\u00e9rito ser\u00e1 publicada por nuestra instituci\u00f3n educativa durante 48 hs. Durante el per\u00edodo de publicaci\u00f3n y hasta el d\u00eda h\u00e1bil posterior de la &#8230; <a title=\"UDI I: POL\u00cdTICA INTERNACIONAL\" class=\"read-more\" href=\"https:\/\/enssaenzpena-cba.infd.edu.ar\/sitio\/convocatorias\/udi-i-politica-internacional\/\" aria-label=\"More on UDI I: POL\u00cdTICA INTERNACIONAL\">[+]<\/a><\/p>\n","protected":false},"author":107,"featured_media":0,"parent":742,"menu_order":0,"comment_status":"closed","ping_status":"closed","template":"","meta":[],"acf":[],"_links":{"self":[{"href":"https:\/\/enssaenzpena-cba.infd.edu.ar\/sitio\/wp-json\/wp\/v2\/pages\/1080"}],"collection":[{"href":"https:\/\/enssaenzpena-cba.infd.edu.ar\/sitio\/wp-json\/wp\/v2\/pages"}],"about":[{"href":"https:\/\/enssaenzpena-cba.infd.edu.ar\/sitio\/wp-json\/wp\/v2\/types\/page"}],"author":[{"embeddable":true,"href":"https:\/\/enssaenzpena-cba.infd.edu.ar\/sitio\/wp-json\/wp\/v2\/users\/107"}],"replies":[{"embeddable":true,"href":"https:\/\/enssaenzpena-cba.infd.edu.ar\/sitio\/wp-json\/wp\/v2\/comments?post=1080"}],"version-history":[{"count":5,"href":"https:\/\/enssaenzpena-cba.infd.edu.ar\/sitio\/wp-json\/wp\/v2\/pages\/1080\/revisions"}],"predecessor-version":[{"id":1106,"href":"https:\/\/enssaenzpena-cba.infd.edu.ar\/sitio\/wp-json\/wp\/v2\/pages\/1080\/revisions\/1106"}],"up":[{"embeddable":true,"href":"https:\/\/enssaenzpena-cba.infd.edu.ar\/sitio\/wp-json\/wp\/v2\/pages\/742"}],"wp:attachment":[{"href":"https:\/\/enssaenzpena-cba.infd.edu.ar\/sitio\/wp-json\/wp\/v2\/media?parent=1080"}],"curies":[{"name":"wp","href":"https:\/\/api.w.org\/{rel}","templated":true}]}}