{"id":1108,"date":"2020-12-04T16:53:44","date_gmt":"2020-12-04T19:53:44","guid":{"rendered":"https:\/\/enssaenzpena-cba.infd.edu.ar\/sitio\/?page_id=1108"},"modified":"2024-10-30T18:23:25","modified_gmt":"2024-10-30T21:23:25","slug":"preinscripciones-2021","status":"publish","type":"page","link":"https:\/\/enssaenzpena-cba.infd.edu.ar\/sitio\/informacion-para-estudiantes\/preinscripciones-2021\/","title":{"rendered":"PREINSCRIPCIONES"},"content":{"rendered":"<h1 style=\"text-align: center;\"><strong>DESDE <\/strong><strong>\u00a0DICIEMBRE SE ENCUENTRAN ABIERTAS LAS <\/strong><strong>PREINSCRIPCIONES\u00a0<\/strong><\/h1>\n<p>Para este procedimiento encontrar\u00e1n los instructivos correspondientes, ingresando a<em> <a href=\"https:\/\/www.cba.gov.ar\/gestion-estudiantes\/\">Gesti\u00f3n Estudiantes<\/a><\/em>\u00a0o\u00a0 a la p\u00e1gina de <a href=\"https:\/\/www.cba.gov.ar\/\">Gobierno de C\u00f3rdoba<\/a><em>, <\/em>en el men\u00fa que se encuentra en la parte superior derecha de la p\u00e1gina web,\u00a0se ingresa a Repartici\u00f3n, luego Ministerio de Educaci\u00f3n, luego oprimir en el enlace \u201cGesti\u00f3n de\u00a0Estudiantes\u201d que se encuentra en la secci\u00f3n llamada \u201cInformaci\u00f3n Adicional\u201d y por \u00faltimo en el men\u00fa\u00a0derecho ingresar a \u201cPre Matricula \u2013 Nivel Superior\u201d. All\u00ed el sistema le ir\u00e1 indicando y orientando.<\/p>\n<p>Permanecer\u00e1 habilitado hasta <strong>\u00a0Marzo<\/strong>, fecha l\u00edmite para completar la\u00a0inscripci\u00f3n definitiva.<\/p>\n<p style=\"text-align: center;\">________________________________________________<\/p>\n<h1 style=\"text-align: center;\">ENVIAR LA DOCUMENTACI\u00d3N A<\/h1>\n<p style=\"text-align: left;\">EMAIL: legajossuperiorliceo@gmail.com<\/p>\n<p>ASUNTO: PRE INSCRIPCION LENGUA\/HISTORIA (apellido y nombre)<\/p>\n<p>Toda la documentaci\u00f3n digitalizada (escaneado o foto bien legible en formato PDF) hasta el 31\/03\/2025:<\/p>\n<ul>\n<li>D.N.I, frente y dorso<\/li>\n<li>CUIL (en caso de que el DNI no lo tenga)<\/li>\n<li>Partida o certificado de nacimiento.<\/li>\n<li>Certificado del T\u00edtulo Secundario o Constancia de T\u00edtulo en Tr\u00e1mite.<\/li>\n<li>Ficha m\u00e9dica del Ministerio <a href=\"https:\/\/enssaenzpena-cba.infd.edu.ar\/sitio\/wp-content\/uploads\/2020\/12\/Certificado-\u00fanico-de-salud-CUS_2020-1.docx\">Certificado \u00danico de Salud<\/a>\u00a0(C.U.S) con electrocardiograma (cuando inicien las clases)<\/li>\n<li>Foto carnet. (cuando inicien las clases)<\/li>\n<\/ul>\n","protected":false},"excerpt":{"rendered":"<p>DESDE \u00a0DICIEMBRE SE ENCUENTRAN ABIERTAS LAS PREINSCRIPCIONES\u00a0 Para este procedimiento encontrar\u00e1n los instructivos correspondientes, ingresando a Gesti\u00f3n Estudiantes\u00a0o\u00a0 a la p\u00e1gina de Gobierno de C\u00f3rdoba, en el men\u00fa que se encuentra en la parte superior derecha de la p\u00e1gina web,\u00a0se ingresa a Repartici\u00f3n, luego Ministerio de Educaci\u00f3n, luego oprimir en el enlace \u201cGesti\u00f3n de\u00a0Estudiantes\u201d que &#8230; <a title=\"PREINSCRIPCIONES\" class=\"read-more\" href=\"https:\/\/enssaenzpena-cba.infd.edu.ar\/sitio\/informacion-para-estudiantes\/preinscripciones-2021\/\" aria-label=\"More on PREINSCRIPCIONES\">[+]<\/a><\/p>\n","protected":false},"author":243,"featured_media":0,"parent":740,"menu_order":1,"comment_status":"closed","ping_status":"closed","template":"","meta":[],"acf":[],"_links":{"self":[{"href":"https:\/\/enssaenzpena-cba.infd.edu.ar\/sitio\/wp-json\/wp\/v2\/pages\/1108"}],"collection":[{"href":"https:\/\/enssaenzpena-cba.infd.edu.ar\/sitio\/wp-json\/wp\/v2\/pages"}],"about":[{"href":"https:\/\/enssaenzpena-cba.infd.edu.ar\/sitio\/wp-json\/wp\/v2\/types\/page"}],"author":[{"embeddable":true,"href":"https:\/\/enssaenzpena-cba.infd.edu.ar\/sitio\/wp-json\/wp\/v2\/users\/243"}],"replies":[{"embeddable":true,"href":"https:\/\/enssaenzpena-cba.infd.edu.ar\/sitio\/wp-json\/wp\/v2\/comments?post=1108"}],"version-history":[{"count":19,"href":"https:\/\/enssaenzpena-cba.infd.edu.ar\/sitio\/wp-json\/wp\/v2\/pages\/1108\/revisions"}],"predecessor-version":[{"id":1291,"href":"https:\/\/enssaenzpena-cba.infd.edu.ar\/sitio\/wp-json\/wp\/v2\/pages\/1108\/revisions\/1291"}],"up":[{"embeddable":true,"href":"https:\/\/enssaenzpena-cba.infd.edu.ar\/sitio\/wp-json\/wp\/v2\/pages\/740"}],"wp:attachment":[{"href":"https:\/\/enssaenzpena-cba.infd.edu.ar\/sitio\/wp-json\/wp\/v2\/media?parent=1108"}],"curies":[{"name":"wp","href":"https:\/\/api.w.org\/{rel}","templated":true}]}}