{"id":286,"date":"2018-11-07T19:21:59","date_gmt":"2018-11-07T22:21:59","guid":{"rendered":"https:\/\/enssaenzpena-cba.infd.edu.ar\/sitio\/?page_id=286"},"modified":"2026-04-10T18:42:47","modified_gmt":"2026-04-10T21:42:47","slug":"inicio","status":"publish","type":"page","link":"https:\/\/enssaenzpena-cba.infd.edu.ar\/sitio\/","title":{"rendered":"Inicio"},"content":{"rendered":"<h1>\u00a0<\/h1>\n<h1><a href=\"https:\/\/cidi.cba.gov.ar\/portal-publico\/?url=http:%2F%2Fgestionestudiantes.cba.gov.ar%2FNoUsuario%2FConsultaSuperior.aspx&amp;app=219\"><img decoding=\"async\" loading=\"lazy\" class=\"aligncenter wp-image-1305\" src=\"https:\/\/enssaenzpena-cba.infd.edu.ar\/sitio\/wp-content\/uploads\/2025\/11\/1000307700-1000x1000.jpg\" alt=\"\" width=\"769\" height=\"769\" srcset=\"https:\/\/enssaenzpena-cba.infd.edu.ar\/sitio\/wp-content\/uploads\/2025\/11\/1000307700-1000x1000.jpg 1000w, https:\/\/enssaenzpena-cba.infd.edu.ar\/sitio\/wp-content\/uploads\/2025\/11\/1000307700-500x500.jpg 500w, https:\/\/enssaenzpena-cba.infd.edu.ar\/sitio\/wp-content\/uploads\/2025\/11\/1000307700-768x768.jpg 768w, https:\/\/enssaenzpena-cba.infd.edu.ar\/sitio\/wp-content\/uploads\/2025\/11\/1000307700.jpg 1080w\" sizes=\"(max-width: 769px) 100vw, 769px\" \/><\/a><\/h1>\n<h1 style=\"text-align: center;\"><span style=\"font-size: 14pt;\">Colegio\u00a0Superior \u00abPresidente Roque S\u00e1enz Pe\u00f1a\u00bb<\/span><\/h1>\n<h2 style=\"text-align: center;\"><strong><span style=\"font-size: 10pt; color: black; font-family: Verdana;\">E<\/span><\/strong><span style=\"font-size: 10pt; color: black; font-family: Verdana;\">ste Instituto Superior de Formaci\u00f3n Docente forma parte del sistema de educaci\u00f3n<\/span><span style=\"font-size: 10pt; color: black; font-family: Verdana;\"> p\u00fablica<\/span><span style=\"font-size: 10pt; color: black; font-family: Verdana;\"> de gesti\u00f3n estatal.<\/span><\/h2>\n<h2 style=\"text-align: center;\"><span style=\"font-size: 10pt; color: black; font-family: Verdana;\">A trav\u00e9s de este sitio en Internet, nuestro Instituto podr\u00e1 comunicar novedades, acercar informaci\u00f3n, compartir experiencias y brindar apoyo y asesoramiento a\u00a0alumnos, docentes e interesados en formar parte de esta comunidad educativa.<\/span><\/h2>\n<h2 style=\"text-align: left;\"><span style=\"font-size: 14pt; color: black; font-family: Verdana;\"><img decoding=\"async\" loading=\"lazy\" class=\"\" src=\"https:\/\/enssaenzpena-cba.infd.edu.ar\/sitio\/wp-content\/uploads\/2018\/08\/la_red.jpg\" alt=\"Red virtual\" width=\"187\" height=\"126\" align=\"left\" border=\"0\" hspace=\"10\" \/><\/span><span style=\"font-size: 10pt; color: black; font-family: Verdana;\">Junto con varios cientos de Institutos, integramos la <strong><em><span style=\"font-family: Verdana;\">Red\u00a0Virtual de Institutos Superiores de Formaci\u00f3n Docente<\/span><\/em><\/strong>\u00a0coordinada por el <strong><span style=\"font-family: Verdana;\">INFD<\/span><\/strong> (Instituto Nacional de Formaci\u00f3n Docente) dependiente del Ministerio de Educaci\u00f3n de la Naci\u00f3n Argentina.<\/span><\/h2>\n","protected":false},"excerpt":{"rendered":"<p>\u00a0 Colegio\u00a0Superior \u00abPresidente Roque S\u00e1enz Pe\u00f1a\u00bb Este Instituto Superior de Formaci\u00f3n Docente forma parte del sistema de educaci\u00f3n p\u00fablica de gesti\u00f3n estatal. A trav\u00e9s de este sitio en Internet, nuestro Instituto podr\u00e1 comunicar novedades, acercar informaci\u00f3n, compartir experiencias y brindar apoyo y asesoramiento a\u00a0alumnos, docentes e interesados en formar parte de esta comunidad educativa. Junto &#8230; <a title=\"Inicio\" class=\"read-more\" href=\"https:\/\/enssaenzpena-cba.infd.edu.ar\/sitio\/\" aria-label=\"More on Inicio\">[+]<\/a><\/p>\n","protected":false},"author":243,"featured_media":0,"parent":0,"menu_order":0,"comment_status":"closed","ping_status":"closed","template":"","meta":[],"acf":[],"_links":{"self":[{"href":"https:\/\/enssaenzpena-cba.infd.edu.ar\/sitio\/wp-json\/wp\/v2\/pages\/286"}],"collection":[{"href":"https:\/\/enssaenzpena-cba.infd.edu.ar\/sitio\/wp-json\/wp\/v2\/pages"}],"about":[{"href":"https:\/\/enssaenzpena-cba.infd.edu.ar\/sitio\/wp-json\/wp\/v2\/types\/page"}],"author":[{"embeddable":true,"href":"https:\/\/enssaenzpena-cba.infd.edu.ar\/sitio\/wp-json\/wp\/v2\/users\/243"}],"replies":[{"embeddable":true,"href":"https:\/\/enssaenzpena-cba.infd.edu.ar\/sitio\/wp-json\/wp\/v2\/comments?post=286"}],"version-history":[{"count":151,"href":"https:\/\/enssaenzpena-cba.infd.edu.ar\/sitio\/wp-json\/wp\/v2\/pages\/286\/revisions"}],"predecessor-version":[{"id":1330,"href":"https:\/\/enssaenzpena-cba.infd.edu.ar\/sitio\/wp-json\/wp\/v2\/pages\/286\/revisions\/1330"}],"wp:attachment":[{"href":"https:\/\/enssaenzpena-cba.infd.edu.ar\/sitio\/wp-json\/wp\/v2\/media?parent=286"}],"curies":[{"name":"wp","href":"https:\/\/api.w.org\/{rel}","templated":true}]}}