{"id":736,"date":"2018-08-30T11:14:01","date_gmt":"2018-08-30T14:14:01","guid":{"rendered":"https:\/\/enssaenzpena-cba.infd.edu.ar\/sitio\/profesorado-de-historia\/"},"modified":"2023-11-14T15:38:03","modified_gmt":"2023-11-14T18:38:03","slug":"profesorado-de-historia","status":"publish","type":"page","link":"https:\/\/enssaenzpena-cba.infd.edu.ar\/sitio\/profesorado-de-historia\/","title":{"rendered":"Profesorado de Historia"},"content":{"rendered":"<h4 style=\"text-align: center;\"><strong><img decoding=\"async\" loading=\"lazy\" class=\"aligncenter size-medium wp-image-1256\" src=\"https:\/\/enssaenzpena-cba.infd.edu.ar\/sitio\/wp-content\/uploads\/2023\/11\/1699912612843-707x1000.jpg\" alt=\"\" width=\"707\" height=\"1000\" srcset=\"https:\/\/enssaenzpena-cba.infd.edu.ar\/sitio\/wp-content\/uploads\/2023\/11\/1699912612843-707x1000.jpg 707w, https:\/\/enssaenzpena-cba.infd.edu.ar\/sitio\/wp-content\/uploads\/2023\/11\/1699912612843-768x1086.jpg 768w, https:\/\/enssaenzpena-cba.infd.edu.ar\/sitio\/wp-content\/uploads\/2023\/11\/1699912612843-1086x1536.jpg 1086w, https:\/\/enssaenzpena-cba.infd.edu.ar\/sitio\/wp-content\/uploads\/2023\/11\/1699912612843.jpg 1131w\" sizes=\"(max-width: 707px) 100vw, 707px\" \/><\/strong>\u00a0\u00a0PROFESORADO DE HISTORIA<\/h4>\n<h5>Modalidad:<\/h5>\n<h5 style=\"text-align: left;\"><span style=\"background-color: #ffffff; font-size: 12pt;\">Duraci\u00f3n: 4 a\u00f1os.<\/span><\/h5>\n<h5 style=\"text-align: left;\"><span style=\"background-color: #ffffff; font-size: 12pt;\"><span style=\"text-decoration: underline;\">T\u00edtulo<\/span>: Profesor de Educaci\u00f3n Secundaria en Historia. <\/span><\/h5>\n<h5 style=\"text-align: left;\"><span style=\"background-color: #ffffff; font-size: 12pt;\">Horario de cursado: 17:20 a 22:10.<\/span><\/h5>\n<h4 style=\"text-align: center;\">PLAN DE ESTUDIOS<\/h4>\n<table class=\"Borde_rojo\" style=\"height: 3023px; width: 724px;\" border=\"2\" align=\"left\">\n<caption>\u00a0<\/caption>\n<tbody>\n<tr>\n<td>\n<h5>PRIMER A\u00d1O<\/h5>\n<\/td>\n<td><\/td>\n<td><\/td>\n<\/tr>\n<tr>\n<td>\n<h5>Pedagog\u00eda<\/h5>\n<\/td>\n<td>\n<h5>4 hs<\/h5>\n<\/td>\n<td>\n<h5>ASIGNATURA<\/h5>\n<\/td>\n<\/tr>\n<tr>\n<td>\n<h5>Problem\u00e1ticas Socio- Antropol\u00f3gicas en Educaci\u00f3n<\/h5>\n<\/td>\n<td>\n<h5>4\u00a0hs.<\/h5>\n<\/td>\n<td>\n<h5>SEMINARIO<\/h5>\n<\/td>\n<\/tr>\n<tr>\n<td>\n<h5>Sociolog\u00eda<\/h5>\n<\/td>\n<td>\n<h5>3hs.<\/h5>\n<\/td>\n<td>\n<h5>ASIGNATURA<\/h5>\n<\/td>\n<\/tr>\n<tr>\n<td>\n<h5>Pr\u00e1ctica Docente I: Contextos y Pr\u00e1cticas Educativas<\/h5>\n<\/td>\n<td>\n<h5>4 hs.<\/h5>\n<\/td>\n<td>\n<h5>SEMINARIO<\/h5>\n<\/td>\n<\/tr>\n<tr>\n<td>\n<h5>Introducci\u00f3n a la Historia<\/h5>\n<\/td>\n<td>\n<h5>4 hs.<\/h5>\n<\/td>\n<td>\n<h5>ASIGNATURA<\/h5>\n<\/td>\n<\/tr>\n<tr>\n<td>\n<h5>Discursos y Formatos de las Producciones Historiogr\u00e1ficas<\/h5>\n<\/td>\n<td>\n<h5>3 hs<\/h5>\n<\/td>\n<td>\n<h5>TALLER<\/h5>\n<\/td>\n<\/tr>\n<tr>\n<td>\n<h5>Arqueolog\u00eda y Etnohistoria de Am\u00e9rica<\/h5>\n<\/td>\n<td>\n<h5>4 hs.<\/h5>\n<\/td>\n<td>\n<h5>ASIGNATURA<\/h5>\n<\/td>\n<\/tr>\n<tr>\n<td>\n<h5>Historia Mundial I<\/h5>\n<\/td>\n<td>\n<h5>5 hs<\/h5>\n<\/td>\n<td>\n<h5>ASIGNATURA<\/h5>\n<\/td>\n<\/tr>\n<tr>\n<td>\n<h5>Geograf\u00eda Socio &#8211; Cultural<\/h5>\n<\/td>\n<td>\n<h5>3 hs<\/h5>\n<\/td>\n<td>\n<h5>SEMINARIO<\/h5>\n<\/td>\n<\/tr>\n<tr>\n<td>\n<h5>SEGUNDO A\u00d1O<\/h5>\n<\/td>\n<td><\/td>\n<td><\/td>\n<\/tr>\n<tr>\n<td>\n<h5>Psicolog\u00eda y Educaci\u00f3n<\/h5>\n<\/td>\n<td>\n<h5>4 hs<\/h5>\n<\/td>\n<td>\n<h5>ASIGNATURA<\/h5>\n<\/td>\n<\/tr>\n<tr>\n<td>\n<h5>Did\u00e1ctica General<\/h5>\n<\/td>\n<td>\n<h5>3 hs<\/h5>\n<\/td>\n<td>\n<h5>ASIGNATURA<\/h5>\n<\/td>\n<\/tr>\n<tr>\n<td>\n<h5>Pr\u00e1ctica Docente II: Escuelas, Historias Documentadas y Cotidianeidad<\/h5>\n<\/td>\n<td>\n<h5>5 hs<\/h5>\n<\/td>\n<td>\n<h5>SEMINARIO<\/h5>\n<\/td>\n<\/tr>\n<tr>\n<td>\n<h5>Historia de Am\u00e9rica I<\/h5>\n<\/td>\n<td>\n<h5>4 hs<\/h5>\n<\/td>\n<td>\n<h5>ASIGNATURA<\/h5>\n<\/td>\n<\/tr>\n<tr>\n<td>\n<h5>Historia Mundial II<\/h5>\n<\/td>\n<td>\n<h5>4 hs<\/h5>\n<\/td>\n<td>\n<h5>ASIGNATURA<\/h5>\n<\/td>\n<\/tr>\n<tr>\n<td>\n<h5>Introducci\u00f3n a la Econom\u00eda y las Ciencias Pol\u00edticas<\/h5>\n<\/td>\n<td>\n<h5>5 hs<\/h5>\n<\/td>\n<td>\n<h5>SEMINARIO<\/h5>\n<\/td>\n<\/tr>\n<tr>\n<td>\n<h5>Did\u00e1ctica de la Historia I<\/h5>\n<\/td>\n<td>\n<h5>4 hs<\/h5>\n<\/td>\n<td>\n<h5>ASIGNATURA<\/h5>\n<\/td>\n<\/tr>\n<tr>\n<td>\n<h5>Sujetos de la Educaci\u00f3n<\/h5>\n<\/td>\n<td>\n<h5>4 hs<\/h5>\n<\/td>\n<td>\n<h5>SEMINARIO<\/h5>\n<\/td>\n<\/tr>\n<tr>\n<td>\n<h5>TERCER A\u00d1O<\/h5>\n<\/td>\n<td><\/td>\n<td><\/td>\n<\/tr>\n<tr>\n<td>\n<h5>Historia y Pol\u00edtica de la Educaci\u00f3n Argentina<\/h5>\n<\/td>\n<td>\n<h5>3 hs<\/h5>\n<\/td>\n<td>\n<h5>ASIGNATURA<\/h5>\n<\/td>\n<\/tr>\n<tr>\n<td>\n<h5>Filosof\u00eda y Educaci\u00f3n<\/h5>\n<\/td>\n<td>\n<h5>3 hs<\/h5>\n<\/td>\n<td>\n<h5>ASIGNATURA<\/h5>\n<\/td>\n<\/tr>\n<tr>\n<td>\n<h5>Pr\u00e1ctica Docente III: El Aula: Espacio del Aprender y del Ense\u00f1ar<\/h5>\n<\/td>\n<td>\n<h5>6 hs<\/h5>\n<\/td>\n<td>\n<h5>SEMINARIO<\/h5>\n<\/td>\n<\/tr>\n<tr>\n<td>\n<h5>Epistemolog\u00eda e Investigaci\u00f3n Hist\u00f3rica<\/h5>\n<\/td>\n<td>\n<h5>4 hs<\/h5>\n<\/td>\n<td>\n<h5>SEMINARIO<\/h5>\n<\/td>\n<\/tr>\n<tr>\n<td>\n<h5>Historia de Am\u00e9rica II<\/h5>\n<\/td>\n<td>\n<h5>5 hs<\/h5>\n<\/td>\n<td>\n<h5>ASIGNATURA<\/h5>\n<\/td>\n<\/tr>\n<tr>\n<td>\n<h5>Historia Mundial III<\/h5>\n<\/td>\n<td>\n<h5>5 hs<\/h5>\n<\/td>\n<td>\n<h5>ASIGNATURA<\/h5>\n<\/td>\n<\/tr>\n<tr>\n<td>\n<h5>Historia de Argetina I<\/h5>\n<\/td>\n<td>\n<h5>5 hs<\/h5>\n<\/td>\n<td>\n<h5>ASIGNATURA<\/h5>\n<\/td>\n<\/tr>\n<tr>\n<td>\n<h5>Did\u00e1ctica de la Historia II<\/h5>\n<\/td>\n<td>\n<h5>4 hs<\/h5>\n<\/td>\n<td>\n<h5>ASIGNATURA<\/h5>\n<\/td>\n<\/tr>\n<tr>\n<td>\n<h5>Unidad de Definici\u00f3n Institucional I<\/h5>\n<\/td>\n<td>\n<h5>3 hs<\/h5>\n<\/td>\n<td>\n<h5>SEMINARIO<\/h5>\n<\/td>\n<\/tr>\n<tr>\n<td>\n<h5>CUARTO A\u00d1O<\/h5>\n<\/td>\n<td><\/td>\n<td><\/td>\n<\/tr>\n<tr>\n<td>\n<h5>\u00c9tica y Construcci\u00f3n de la Ciudadan\u00eda<\/h5>\n<\/td>\n<td>\n<h5>3 hs<\/h5>\n<\/td>\n<td>\n<h5>ASIGNATURA<\/h5>\n<\/td>\n<\/tr>\n<tr>\n<td>\n<h5>Pr\u00e1ctica Docente IV y Residencia<\/h5>\n<\/td>\n<td>\n<h5>10 h<\/h5>\n<\/td>\n<td>\n<h5>SEMINARIO<\/h5>\n<\/td>\n<\/tr>\n<tr>\n<td>\n<h5>Historia de Am\u00e9rica III<\/h5>\n<\/td>\n<td>\n<h5>5 hs<\/h5>\n<\/td>\n<td>\n<h5>ASIGNATURA<\/h5>\n<\/td>\n<\/tr>\n<tr>\n<td>\n<h5>Historia Mundial IV<\/h5>\n<\/td>\n<td>\n<h5>5 hs<\/h5>\n<\/td>\n<td>\n<h5>ASIGNATURA<\/h5>\n<\/td>\n<\/tr>\n<tr>\n<td>\n<h5>Historia Argentina II<\/h5>\n<\/td>\n<td>\n<h5>5 hs<\/h5>\n<\/td>\n<td>\n<h5>ASIGNATURA<\/h5>\n<\/td>\n<\/tr>\n<tr>\n<td>\n<h5>Historia de C\u00f3rdoba en el Siglo XX<\/h5>\n<\/td>\n<td>\n<h5>4 hs<\/h5>\n<\/td>\n<td>\n<h5>SEMINARIO<\/h5>\n<\/td>\n<\/tr>\n<tr>\n<td>\n<h5>Arte en sus Contextos Sociohist\u00f3ricos<\/h5>\n<\/td>\n<td>\n<h5>3 hs<\/h5>\n<\/td>\n<td>\n<h5>SEMINARIO<\/h5>\n<\/td>\n<\/tr>\n<tr>\n<td>\n<h5>Unidad de Definici\u00f3n Institucional II<\/h5>\n<\/td>\n<td>\n<h5>3 hs<\/h5>\n<\/td>\n<td>\n<h5>SEMINARIO<\/h5>\n<\/td>\n<\/tr>\n<tr>\n<td><\/td>\n<td><\/td>\n<td><\/td>\n<\/tr>\n<tr>\n<td><\/td>\n<td><\/td>\n<td><\/td>\n<\/tr>\n<\/tbody>\n<\/table>\n<p><strong><span style=\"font-size: 14pt;\">\u00a0<\/span><\/strong><\/p>\n<p style=\"text-align: left;\">\n","protected":false},"excerpt":{"rendered":"<p>\u00a0\u00a0PROFESORADO DE HISTORIA Modalidad: Duraci\u00f3n: 4 a\u00f1os. T\u00edtulo: Profesor de Educaci\u00f3n Secundaria en Historia. Horario de cursado: 17:20 a 22:10. PLAN DE ESTUDIOS \u00a0 PRIMER A\u00d1O Pedagog\u00eda 4 hs ASIGNATURA Problem\u00e1ticas Socio- Antropol\u00f3gicas en Educaci\u00f3n 4\u00a0hs. SEMINARIO Sociolog\u00eda 3hs. ASIGNATURA Pr\u00e1ctica Docente I: Contextos y Pr\u00e1cticas Educativas 4 hs. SEMINARIO Introducci\u00f3n a la Historia 4 &#8230; <a title=\"Profesorado de Historia\" class=\"read-more\" href=\"https:\/\/enssaenzpena-cba.infd.edu.ar\/sitio\/profesorado-de-historia\/\" aria-label=\"More on Profesorado de Historia\">[+]<\/a><\/p>\n","protected":false},"author":107,"featured_media":0,"parent":0,"menu_order":0,"comment_status":"closed","ping_status":"closed","template":"","meta":[],"acf":[],"_links":{"self":[{"href":"https:\/\/enssaenzpena-cba.infd.edu.ar\/sitio\/wp-json\/wp\/v2\/pages\/736"}],"collection":[{"href":"https:\/\/enssaenzpena-cba.infd.edu.ar\/sitio\/wp-json\/wp\/v2\/pages"}],"about":[{"href":"https:\/\/enssaenzpena-cba.infd.edu.ar\/sitio\/wp-json\/wp\/v2\/types\/page"}],"author":[{"embeddable":true,"href":"https:\/\/enssaenzpena-cba.infd.edu.ar\/sitio\/wp-json\/wp\/v2\/users\/107"}],"replies":[{"embeddable":true,"href":"https:\/\/enssaenzpena-cba.infd.edu.ar\/sitio\/wp-json\/wp\/v2\/comments?post=736"}],"version-history":[{"count":5,"href":"https:\/\/enssaenzpena-cba.infd.edu.ar\/sitio\/wp-json\/wp\/v2\/pages\/736\/revisions"}],"predecessor-version":[{"id":1268,"href":"https:\/\/enssaenzpena-cba.infd.edu.ar\/sitio\/wp-json\/wp\/v2\/pages\/736\/revisions\/1268"}],"wp:attachment":[{"href":"https:\/\/enssaenzpena-cba.infd.edu.ar\/sitio\/wp-json\/wp\/v2\/media?parent=736"}],"curies":[{"name":"wp","href":"https:\/\/api.w.org\/{rel}","templated":true}]}}