{"id":738,"date":"2018-08-30T11:14:02","date_gmt":"2018-08-30T14:14:02","guid":{"rendered":"https:\/\/enssaenzpena-cba.infd.edu.ar\/sitio\/profesorado-en-lengua-y-literatura\/"},"modified":"2023-11-14T20:25:33","modified_gmt":"2023-11-14T23:25:33","slug":"profesorado-en-lengua-y-literatura","status":"publish","type":"page","link":"https:\/\/enssaenzpena-cba.infd.edu.ar\/sitio\/profesorado-en-lengua-y-literatura\/","title":{"rendered":"Profesorado en Lengua y Literatura"},"content":{"rendered":"<h4 style=\"text-align: left;\"><strong style=\"font-size: 10pt; text-align: left;\"><span style=\"font-family: 'arial black', 'avant garde';\"><span style=\"background-repeat: repeat; font-family: arial black, avant garde; background-position: center 50%;\"><img decoding=\"async\" loading=\"lazy\" class=\"aligncenter size-medium wp-image-1257\" src=\"https:\/\/enssaenzpena-cba.infd.edu.ar\/sitio\/wp-content\/uploads\/2023\/11\/1699912612829-707x1000.jpg\" alt=\"\" width=\"707\" height=\"1000\" srcset=\"https:\/\/enssaenzpena-cba.infd.edu.ar\/sitio\/wp-content\/uploads\/2023\/11\/1699912612829-707x1000.jpg 707w, https:\/\/enssaenzpena-cba.infd.edu.ar\/sitio\/wp-content\/uploads\/2023\/11\/1699912612829-768x1086.jpg 768w, https:\/\/enssaenzpena-cba.infd.edu.ar\/sitio\/wp-content\/uploads\/2023\/11\/1699912612829-1086x1536.jpg 1086w, https:\/\/enssaenzpena-cba.infd.edu.ar\/sitio\/wp-content\/uploads\/2023\/11\/1699912612829.jpg 1131w\" sizes=\"(max-width: 707px) 100vw, 707px\" \/>Modalidad:\u00a0<\/span><\/span><\/strong><\/h4>\n<h6 style=\"text-align: left;\"><span style=\"font-size: 10pt; background-color: #ffffff;\"><strong><span style=\"font-family: 'arial black', 'avant garde';\"><span style=\"background-repeat: repeat; font-family: arial black, avant garde; background-position: center 50%;\">Duraci\u00f3n: 4<\/span><\/span><\/strong><\/span> a\u00f1os<\/h6>\n<h6 style=\"text-align: left;\"><span style=\"font-size: 10pt; background-color: #ffffff;\"><strong><span style=\"font-family: 'arial black', 'avant garde';\"><span style=\"background-repeat: repeat; font-family: arial black, avant garde; background-position: center 50%;\"><span style=\"text-decoration: underline;\">Titulaci\u00f3n<\/span>: Profesor de Educaci\u00f3n Secundaria en Lengua y Literatura. <\/span><\/span><\/strong><\/span><\/h6>\n<h6 style=\"text-align: left;\"><span style=\"font-size: 10pt; background-color: #ffffff;\"><strong><span style=\"font-family: 'arial black', 'avant garde';\"><span style=\"background-repeat: repeat; font-family: arial black, avant garde; background-position: center 50%;\">Horario de cursada: 17:20 a 22:10 hs.\u00a0<\/span><\/span><\/strong><\/span><\/h6>\n<p style=\"text-align: left;\">\n<h4 style=\"text-align: center;\">PLAN DE ESTUDIOS<\/h4>\n<table style=\"height: 2502px;\" border=\"2\" width=\"991\">\n<caption>\u00a0<\/caption>\n<tbody>\n<tr>\n<td>\n<h5>PRIMER A\u00d1O<\/h5>\n<\/td>\n<td><\/td>\n<td><\/td>\n<\/tr>\n<tr>\n<td>\n<h5>Pedagog\u00eda<\/h5>\n<\/td>\n<td>\n<h5>\u00a04hs.<\/h5>\n<\/td>\n<td>\n<h5>ASIGNATURA<\/h5>\n<\/td>\n<\/tr>\n<tr>\n<td>\n<h5>Problem\u00e1ticas Socio- Antropol\u00f3gicas en Educaci\u00f3n<\/h5>\n<\/td>\n<td>\n<h5>4 hs.<\/h5>\n<\/td>\n<td>\n<h5>SEMINARIO<\/h5>\n<\/td>\n<\/tr>\n<tr>\n<td>\n<h5>Pr\u00e1ctica Docente I: Contextos y Pr\u00e1cticas Educativas<\/h5>\n<\/td>\n<td>\n<h5>4 hs.<\/h5>\n<\/td>\n<td>\n<h5>TALLER<\/h5>\n<\/td>\n<\/tr>\n<tr>\n<td>\n<h5>Pr\u00e1cticas de Oralidad, Lectura y Escritura<\/h5>\n<\/td>\n<td>\n<h5>4 hs.<\/h5>\n<\/td>\n<td>\n<h5>SEMINARIO<\/h5>\n<\/td>\n<\/tr>\n<tr>\n<td>\n<h5>Introducci\u00f3n a los Estudios del Lenguaje<\/h5>\n<\/td>\n<td>\n<h5>4 hs.<\/h5>\n<\/td>\n<td>\n<h5>ASIGNATURA<\/h5>\n<\/td>\n<\/tr>\n<tr>\n<td>\n<h5>Gram\u00e1tica Te\u00f3rica Aplicada I<\/h5>\n<\/td>\n<td>\n<h5>5 hs.<\/h5>\n<\/td>\n<td>\n<h5>ASIGNATURA<\/h5>\n<\/td>\n<\/tr>\n<tr>\n<td>\n<h5>Teor\u00eda y An\u00e1lisis Literario I<\/h5>\n<\/td>\n<td>\n<h5>4 hs.<\/h5>\n<\/td>\n<td>\n<h5>SEMINARIO<\/h5>\n<\/td>\n<\/tr>\n<tr>\n<td>\n<h5>Literaturas Cl\u00e1sicas Griega y Latina<\/h5>\n<\/td>\n<td>\n<h5>4 hs.<\/h5>\n<\/td>\n<td>\n<h5>ASIGNATURA<\/h5>\n<\/td>\n<\/tr>\n<tr>\n<td>\n<h5>Literatura Espa\u00f1ola<\/h5>\n<\/td>\n<td>\n<h5>4 hs.<\/h5>\n<\/td>\n<td>\n<h5>ASIGNATURA<\/h5>\n<\/td>\n<\/tr>\n<tr>\n<td>\n<h5>SEGUNDO A\u00d1O<\/h5>\n<\/td>\n<td><\/td>\n<td><\/td>\n<\/tr>\n<tr>\n<td>\n<h5>Psicolog\u00eda y Educaci\u00f3n<\/h5>\n<\/td>\n<td>\n<h5>4 hs.<\/h5>\n<\/td>\n<td>\n<h5>ASIGNATURA<\/h5>\n<\/td>\n<\/tr>\n<tr>\n<td>\n<h5>Did\u00e1ctica General<\/h5>\n<\/td>\n<td>\n<h5>3 hs.<\/h5>\n<\/td>\n<td>\n<h5>ASIGNATURA<\/h5>\n<\/td>\n<\/tr>\n<tr>\n<td>\n<h5>Pr\u00e1ctica Docente II: Escuelas, Historias Documentadas y Cotidianeidad<\/h5>\n<\/td>\n<td>\n<h5>5 hs.<\/h5>\n<\/td>\n<td>\n<h5>SEMINARIO<\/h5>\n<\/td>\n<\/tr>\n<tr>\n<td>\n<h5>Historia de la Lengua I<\/h5>\n<\/td>\n<td>\n<h5>4 hs.<\/h5>\n<\/td>\n<td>\n<h5>ASIGNATURA<\/h5>\n<\/td>\n<\/tr>\n<tr>\n<td>\n<h5>Gram\u00e1tica Te\u00f3rica y Aplicada II<\/h5>\n<\/td>\n<td>\n<h5>5 hs.<\/h5>\n<\/td>\n<td>\n<h5>ASIGNATURA<\/h5>\n<\/td>\n<\/tr>\n<tr>\n<td>\n<h5>Teor\u00eda y An\u00e1lisis Literario II<\/h5>\n<\/td>\n<td>\n<h5>4 hs.<\/h5>\n<\/td>\n<td>\n<h5>SEMINARIO<\/h5>\n<\/td>\n<\/tr>\n<tr>\n<td>\n<h5>Literatura Latinoamericana I<\/h5>\n<\/td>\n<td>\n<h5>3 hs.<\/h5>\n<\/td>\n<td>\n<h5>ASIGNATURA<\/h5>\n<\/td>\n<\/tr>\n<tr>\n<td>\n<h5>Lengua y Literatura en la Educaci\u00f3n Secundaria<\/h5>\n<\/td>\n<td>\n<h5>3 hs.<\/h5>\n<\/td>\n<td>\n<h5>SEMINARIO<\/h5>\n<\/td>\n<\/tr>\n<tr>\n<td>\n<h5>Sujetos de la Educaci\u00f3n<\/h5>\n<\/td>\n<td>\n<h5>4 hs.<\/h5>\n<\/td>\n<td>\n<h5>SEMINARIO<\/h5>\n<\/td>\n<\/tr>\n<tr>\n<td>\n<h5>TERCER A\u00d1O<\/h5>\n<\/td>\n<td><\/td>\n<td><\/td>\n<\/tr>\n<tr>\n<td>\n<h5>Filosof\u00eda y Educaci\u00f3n<\/h5>\n<\/td>\n<td>\n<h5>3 hs.<\/h5>\n<\/td>\n<td>\n<h5>ASIGNATURA<\/h5>\n<\/td>\n<\/tr>\n<tr>\n<td>\n<h5>Pr\u00e1ctica docente III: El Aula: Espacio del Aprender y del Ense\u00f1ar<\/h5>\n<\/td>\n<td>\n<h5>6 hs.<\/h5>\n<\/td>\n<td>\n<h5>SEMINARIO<\/h5>\n<\/td>\n<\/tr>\n<tr>\n<td>\n<h5>Estudios del Discurso<\/h5>\n<\/td>\n<td>\n<h5>4 hs.<\/h5>\n<\/td>\n<td>\n<h5>SEMINARIO<\/h5>\n<\/td>\n<\/tr>\n<tr>\n<td>\n<h5>Historia de la Lengua II<\/h5>\n<\/td>\n<td>\n<h5>4 hs.<\/h5>\n<\/td>\n<td>\n<h5>ASIGNATURA<\/h5>\n<\/td>\n<\/tr>\n<tr>\n<td>\n<h5>Literaturas en Lenguas Extranjeras I<\/h5>\n<\/td>\n<td>\n<h5>4 hs.<\/h5>\n<\/td>\n<td>\n<h5>ASIGNATURA<\/h5>\n<\/td>\n<\/tr>\n<tr>\n<td>\n<h5>Literatura Latinoamericana II<\/h5>\n<\/td>\n<td>\n<h5>3 hs.<\/h5>\n<\/td>\n<td>\n<h5>ASIGNATURA<\/h5>\n<\/td>\n<\/tr>\n<tr>\n<td>\n<h5>Literatura Argentina I<\/h5>\n<\/td>\n<td>\n<h5>4 hs.<\/h5>\n<\/td>\n<td>\n<h5>ASIGNATURA<\/h5>\n<\/td>\n<\/tr>\n<tr>\n<td>\n<h5>Did\u00e1ctica de la Lengua<\/h5>\n<\/td>\n<td>\n<h5>4 hs.<\/h5>\n<\/td>\n<td>\n<h5>ASIGNATURA<\/h5>\n<\/td>\n<\/tr>\n<tr>\n<td>\n<h5>Did\u00e1ctica de la Literatura<\/h5>\n<\/td>\n<td>\n<h5>4 hs.<\/h5>\n<\/td>\n<td>\n<h5>ASIGNATURA<\/h5>\n<\/td>\n<\/tr>\n<tr>\n<td>\n<h5>Unidad de Definici\u00f3n Institucional I<\/h5>\n<\/td>\n<td>\n<h5>2 hs.<\/h5>\n<\/td>\n<td>\n<h5>SEMINARIO<\/h5>\n<\/td>\n<\/tr>\n<tr>\n<td>\n<h5>CUARTO A\u00d1O<\/h5>\n<\/td>\n<td><\/td>\n<td><\/td>\n<\/tr>\n<tr>\n<td>\n<h5>Historia y Pol\u00edtica de la Educaci\u00f3n Argentina<\/h5>\n<\/td>\n<td>\n<h5>3 hs.<\/h5>\n<\/td>\n<td>\n<h5>ASIGNATURA<\/h5>\n<\/td>\n<\/tr>\n<tr>\n<td>\n<h5>\u00c9tica y Construcci\u00f3n de la Ciudadan\u00eda<\/h5>\n<\/td>\n<td>\n<h5>3 hs.<\/h5>\n<\/td>\n<td>\n<h5>ASIGNATURA<\/h5>\n<\/td>\n<\/tr>\n<tr>\n<td>\n<h5>Pr\u00e1ctica Docente IV y Residencia<\/h5>\n<\/td>\n<td>\n<h5>10hs.<\/h5>\n<\/td>\n<td>\n<h5>SEMINARIO<\/h5>\n<\/td>\n<\/tr>\n<tr>\n<td>\n<h5>Socio y Etnoling\u00fc\u00edstica<\/h5>\n<\/td>\n<td>\n<h5>3 hs.<\/h5>\n<\/td>\n<td>\n<h5>SEMINARIO<\/h5>\n<\/td>\n<\/tr>\n<tr>\n<td>\n<h5>Literaturas en Lenguas Extranjeras II<\/h5>\n<\/td>\n<td>\n<h5>4 hs.<\/h5>\n<\/td>\n<td>\n<h5>ASIGNATURA<\/h5>\n<\/td>\n<\/tr>\n<tr>\n<td>\n<h5>Literatura Argentina II<\/h5>\n<\/td>\n<td>\n<h5>4 hs.<\/h5>\n<\/td>\n<td>\n<h5>ASIGNATURA<\/h5>\n<\/td>\n<\/tr>\n<tr>\n<td>\n<h5>Lectura y Escritura Cr\u00edtica y Creativa<\/h5>\n<\/td>\n<td>\n<h5>4 hs.<\/h5>\n<\/td>\n<td>\n<h5>TALLER<\/h5>\n<\/td>\n<\/tr>\n<tr>\n<td>\n<h5>Alfabetizaci\u00f3n Inicial<\/h5>\n<\/td>\n<td>\n<h5>2 hs.<\/h5>\n<\/td>\n<td>\n<h5>SEMINARIO<\/h5>\n<\/td>\n<\/tr>\n<tr>\n<td>\n<h5>Unidad de Definici\u00f3n Institucional II<\/h5>\n<\/td>\n<td>\n<h5>2 hs.<\/h5>\n<\/td>\n<td>\n<h5>SEMINARIO<\/h5>\n<\/td>\n<\/tr>\n<\/tbody>\n<\/table>\n<h5><\/h5>\n","protected":false},"excerpt":{"rendered":"<p>Modalidad:\u00a0 Duraci\u00f3n: 4 a\u00f1os Titulaci\u00f3n: Profesor de Educaci\u00f3n Secundaria en Lengua y Literatura. Horario de cursada: 17:20 a 22:10 hs.\u00a0 PLAN DE ESTUDIOS \u00a0 PRIMER A\u00d1O Pedagog\u00eda \u00a04hs. ASIGNATURA Problem\u00e1ticas Socio- Antropol\u00f3gicas en Educaci\u00f3n 4 hs. SEMINARIO Pr\u00e1ctica Docente I: Contextos y Pr\u00e1cticas Educativas 4 hs. TALLER Pr\u00e1cticas de Oralidad, Lectura y Escritura 4 hs. &#8230; <a title=\"Profesorado en Lengua y Literatura\" class=\"read-more\" href=\"https:\/\/enssaenzpena-cba.infd.edu.ar\/sitio\/profesorado-en-lengua-y-literatura\/\" aria-label=\"More on Profesorado en Lengua y Literatura\">[+]<\/a><\/p>\n","protected":false},"author":243,"featured_media":0,"parent":0,"menu_order":0,"comment_status":"closed","ping_status":"closed","template":"","meta":[],"acf":[],"_links":{"self":[{"href":"https:\/\/enssaenzpena-cba.infd.edu.ar\/sitio\/wp-json\/wp\/v2\/pages\/738"}],"collection":[{"href":"https:\/\/enssaenzpena-cba.infd.edu.ar\/sitio\/wp-json\/wp\/v2\/pages"}],"about":[{"href":"https:\/\/enssaenzpena-cba.infd.edu.ar\/sitio\/wp-json\/wp\/v2\/types\/page"}],"author":[{"embeddable":true,"href":"https:\/\/enssaenzpena-cba.infd.edu.ar\/sitio\/wp-json\/wp\/v2\/users\/243"}],"replies":[{"embeddable":true,"href":"https:\/\/enssaenzpena-cba.infd.edu.ar\/sitio\/wp-json\/wp\/v2\/comments?post=738"}],"version-history":[{"count":4,"href":"https:\/\/enssaenzpena-cba.infd.edu.ar\/sitio\/wp-json\/wp\/v2\/pages\/738\/revisions"}],"predecessor-version":[{"id":1270,"href":"https:\/\/enssaenzpena-cba.infd.edu.ar\/sitio\/wp-json\/wp\/v2\/pages\/738\/revisions\/1270"}],"wp:attachment":[{"href":"https:\/\/enssaenzpena-cba.infd.edu.ar\/sitio\/wp-json\/wp\/v2\/media?parent=738"}],"curies":[{"name":"wp","href":"https:\/\/api.w.org\/{rel}","templated":true}]}}