{"id":740,"date":"2018-08-30T11:14:03","date_gmt":"2018-08-30T14:14:03","guid":{"rendered":"https:\/\/enssaenzpena-cba.infd.edu.ar\/sitio\/informacion-para-estudiantes\/"},"modified":"2023-11-14T21:46:17","modified_gmt":"2023-11-15T00:46:17","slug":"informacion-para-estudiantes","status":"publish","type":"page","link":"https:\/\/enssaenzpena-cba.infd.edu.ar\/sitio\/informacion-para-estudiantes\/","title":{"rendered":"Informaci\u00f3n para estudiantes"},"content":{"rendered":"<h1 style=\"text-align: center;\"><strong>PREINSCRIPCI\u00d3N\u00a0<\/strong><\/h1>\n<p>Los interesados podr\u00e1n PREINSCRIBIRSE con su <a href=\"https:\/\/cidi.cba.gov.ar\/portal-publico\/?url=http:%2F%2Fgestionestudiantes.cba.gov.ar%2FNoUsuario%2FConsultaSuperior.aspx&amp;app=219\">CIDI INGRESANDO AQUI<\/a><\/p>\n<p><a href=\"http:\/\/www.cba.gov.ar\/gestion-estudiantes\/\">http:\/\/www.cba.gov.ar\/gestion-estudiantes\/<\/a><\/p>\n<p>C\u00f3digo de escuela: EE 0330359<\/p>\n<p style=\"text-align: center;\">________________________________________________<\/p>\n<h1 style=\"text-align: center;\">INSCRIPCI\u00d3N DEFINITIVA<\/h1>\n<p>A PARTIR DEL\u00a0 MES DE DICIEMBRE<\/p>\n<p><strong><u>Requisitos<\/u><\/strong><\/p>\n<p><strong>Documentaci\u00f3n:<\/strong><\/p>\n<ul>\n<li><strong>Fotocopia del D.N.I<\/strong><\/li>\n<li><strong>Fotocopia de CUIL (en caso de que el DNI no lo tenga)<\/strong><\/li>\n<li><strong>Fotocopia de partida de nacimiento.<\/strong><\/li>\n<li><strong>Fotocopia legalizada del T\u00edtulo Secundario o Constancia de T\u00edtulo en Tr\u00e1mite original.<\/strong><\/li>\n<li><strong>Apto psicof\u00edsico (luego de la inscripci\u00f3n)<\/strong><\/li>\n<li><strong>Cuatro fotos carnet.<\/strong><\/li>\n<li><strong>Cooperadora: contribuci\u00f3n \u00fanica anual.<\/strong><\/li>\n<\/ul>\n<p><strong><u>NO SE ACEPTAR\u00c1N INSCRIPCIONES SIN TODA LA DOCUMENTACI\u00d3N OBLIGATORIA<\/u><\/strong><\/p>\n<ul>\n<li style=\"list-style-type: none;\">\n<ul>\n<li>Una vez terminado el cursillo de ingreso, completar la Ficha de inscripci\u00f3n.<\/li>\n<\/ul>\n<\/li>\n<\/ul>\n<p>EL CURSILLO DE INGRESO INICIA A MEDIADOS DE FEBRERO<\/p>\n<p>Dicho cursillo es obligatorio y tiene una finalidad nivelatoria, no es eliminatorio.<\/p>\n<p><strong>Solicitud de Equivalencias<\/strong><\/p>\n<p>Pueden solicitarse equivalencias de otros estudios en el mes de febrero \u2013 marzo.<\/p>\n<p><strong>Tr\u00e1mite para equivalencias de estudios realizados en otras instituciones<\/strong><\/p>\n<ul>\n<li>Completar <a href=\"https:\/\/enssaenzpena-cba.infd.edu.ar\/sitio\/wp-content\/uploads\/2021\/03\/Solic.-Equiv.-Profesorado.doc\">Solic. Equiv. Profesorado\u00a0\u00a0<\/a><\/li>\n<li>Adjuntar programas legalizados y constancia \u00a0de materias aprobadas.<\/li>\n<\/ul>\n","protected":false},"excerpt":{"rendered":"<p>PREINSCRIPCI\u00d3N\u00a0 Los interesados podr\u00e1n PREINSCRIBIRSE con su CIDI INGRESANDO AQUI http:\/\/www.cba.gov.ar\/gestion-estudiantes\/ C\u00f3digo de escuela: EE 0330359 ________________________________________________ INSCRIPCI\u00d3N DEFINITIVA A PARTIR DEL\u00a0 MES DE DICIEMBRE Requisitos Documentaci\u00f3n: Fotocopia del D.N.I Fotocopia de CUIL (en caso de que el DNI no lo tenga) Fotocopia de partida de nacimiento. Fotocopia legalizada del T\u00edtulo Secundario o Constancia de &#8230; <a title=\"Informaci\u00f3n para estudiantes\" class=\"read-more\" href=\"https:\/\/enssaenzpena-cba.infd.edu.ar\/sitio\/informacion-para-estudiantes\/\" aria-label=\"More on Informaci\u00f3n para estudiantes\">[+]<\/a><\/p>\n","protected":false},"author":107,"featured_media":0,"parent":0,"menu_order":0,"comment_status":"closed","ping_status":"closed","template":"","meta":[],"acf":[],"_links":{"self":[{"href":"https:\/\/enssaenzpena-cba.infd.edu.ar\/sitio\/wp-json\/wp\/v2\/pages\/740"}],"collection":[{"href":"https:\/\/enssaenzpena-cba.infd.edu.ar\/sitio\/wp-json\/wp\/v2\/pages"}],"about":[{"href":"https:\/\/enssaenzpena-cba.infd.edu.ar\/sitio\/wp-json\/wp\/v2\/types\/page"}],"author":[{"embeddable":true,"href":"https:\/\/enssaenzpena-cba.infd.edu.ar\/sitio\/wp-json\/wp\/v2\/users\/107"}],"replies":[{"embeddable":true,"href":"https:\/\/enssaenzpena-cba.infd.edu.ar\/sitio\/wp-json\/wp\/v2\/comments?post=740"}],"version-history":[{"count":6,"href":"https:\/\/enssaenzpena-cba.infd.edu.ar\/sitio\/wp-json\/wp\/v2\/pages\/740\/revisions"}],"predecessor-version":[{"id":1272,"href":"https:\/\/enssaenzpena-cba.infd.edu.ar\/sitio\/wp-json\/wp\/v2\/pages\/740\/revisions\/1272"}],"wp:attachment":[{"href":"https:\/\/enssaenzpena-cba.infd.edu.ar\/sitio\/wp-json\/wp\/v2\/media?parent=740"}],"curies":[{"name":"wp","href":"https:\/\/api.w.org\/{rel}","templated":true}]}}