{"id":749,"date":"2018-08-30T11:14:07","date_gmt":"2018-08-30T14:14:07","guid":{"rendered":"https:\/\/enssaenzpena-cba.infd.edu.ar\/sitio\/archivos\/"},"modified":"2020-06-30T00:06:42","modified_gmt":"2020-06-30T03:06:42","slug":"archivos","status":"publish","type":"page","link":"https:\/\/enssaenzpena-cba.infd.edu.ar\/sitio\/archivos\/","title":{"rendered":"Archivos"},"content":{"rendered":"<p>&nbsp;<\/p>\n<p>Disponible aqu\u00ed el tutorial del <a class=\"LinkModi\" title=\"https:\/\/enssaenzpena-cba.infd.edu.ar\/aula\/archivos\/repositorio\/\/0\/41\/GUIA_USUARIO_e-Learnning_Class.pdf\" href=\"https:\/\/enssaenzpena-cba.infd.edu.ar\/aula\/archivos\/repositorio\/\/0\/41\/GUIA_USUARIO_e-Learnning_Class.pdf\" target=\"_NEW\">programa del docente <\/a>\u00a0del Programa Conectar Igualdad. Tambi\u00e9n pueden fotocopiarlo solicit\u00e1ndolo en biblioteca.<\/p>\n<p>El programa debe ser instalado en sus equipos, previa desinstalaci\u00f3n del programa del alumno. Esta tarea es llevada a cabo por el administrador de redes. Sus horarios est\u00e1n disponibles en la secci\u00f3n NOTICIAS<\/p>\n<p>&nbsp;<\/p>\n<p>&nbsp;<\/p>\n<p><a class=\"LinkModi\" title=\"https:\/\/enssaenzpena-cba.infd.edu.ar\/aula\/archivos\/repositorio\/\/0\/47\/REGIMEN%20DE%20INCOMPATIBILIDAD%20%28ACTUAL%29%2012032010.xls\" href=\"https:\/\/enssaenzpena-cba.infd.edu.ar\/aula\/archivos\/repositorio\/\/0\/47\/REGIMEN%20DE%20INCOMPATIBILIDAD%20%28ACTUAL%29%2012032010.xls\" target=\"_NEW\">**REGIMEN DE INCOMPATIBILIDAD<\/a><\/p>\n","protected":false},"excerpt":{"rendered":"<p>&nbsp; Disponible aqu\u00ed el tutorial del programa del docente \u00a0del Programa Conectar Igualdad. Tambi\u00e9n pueden fotocopiarlo solicit\u00e1ndolo en biblioteca. El programa debe ser instalado en sus equipos, previa desinstalaci\u00f3n del programa del alumno. Esta tarea es llevada a cabo por el administrador de redes. Sus horarios est\u00e1n disponibles en la secci\u00f3n NOTICIAS &nbsp; &nbsp; **REGIMEN &#8230; <a title=\"Archivos\" class=\"read-more\" href=\"https:\/\/enssaenzpena-cba.infd.edu.ar\/sitio\/archivos\/\" aria-label=\"More on Archivos\">[+]<\/a><\/p>\n","protected":false},"author":107,"featured_media":0,"parent":0,"menu_order":0,"comment_status":"closed","ping_status":"closed","template":"","meta":[],"acf":[],"_links":{"self":[{"href":"https:\/\/enssaenzpena-cba.infd.edu.ar\/sitio\/wp-json\/wp\/v2\/pages\/749"}],"collection":[{"href":"https:\/\/enssaenzpena-cba.infd.edu.ar\/sitio\/wp-json\/wp\/v2\/pages"}],"about":[{"href":"https:\/\/enssaenzpena-cba.infd.edu.ar\/sitio\/wp-json\/wp\/v2\/types\/page"}],"author":[{"embeddable":true,"href":"https:\/\/enssaenzpena-cba.infd.edu.ar\/sitio\/wp-json\/wp\/v2\/users\/107"}],"replies":[{"embeddable":true,"href":"https:\/\/enssaenzpena-cba.infd.edu.ar\/sitio\/wp-json\/wp\/v2\/comments?post=749"}],"version-history":[{"count":2,"href":"https:\/\/enssaenzpena-cba.infd.edu.ar\/sitio\/wp-json\/wp\/v2\/pages\/749\/revisions"}],"predecessor-version":[{"id":1042,"href":"https:\/\/enssaenzpena-cba.infd.edu.ar\/sitio\/wp-json\/wp\/v2\/pages\/749\/revisions\/1042"}],"wp:attachment":[{"href":"https:\/\/enssaenzpena-cba.infd.edu.ar\/sitio\/wp-json\/wp\/v2\/media?parent=749"}],"curies":[{"name":"wp","href":"https:\/\/api.w.org\/{rel}","templated":true}]}}