{"id":756,"date":"2018-08-30T11:14:10","date_gmt":"2018-08-30T14:14:10","guid":{"rendered":"https:\/\/enssaenzpena-cba.infd.edu.ar\/sitio\/datos-institucionales\/"},"modified":"2019-03-05T21:59:32","modified_gmt":"2019-03-06T00:59:32","slug":"datos-institucionales","status":"publish","type":"page","link":"https:\/\/enssaenzpena-cba.infd.edu.ar\/sitio\/datos-institucionales\/","title":{"rendered":"Datos institucionales"},"content":{"rendered":"<blockquote><p><span style=\"font-family: verdana; font-size: 10pt;\">COLEGIO SUPERIOR PRESIDENTE ROQUE S\u00c1ENZ PE\u00d1A<\/span><\/p>\n<p><span style=\"font-size: 10pt;\">Horarios de atenci\u00f3n: Lunes a Viernes de 8 a 18 hs &#8211; NIVEL SECUNDARIO<\/span><\/p>\n<p><span style=\"font-size: 10pt;\">\u00a0 \u00a0 \u00a0 \u00a0 \u00a0 \u00a0 \u00a0 \u00a0 \u00a0 \u00a0 \u00a0 \u00a0 \u00a0 \u00a0 \u00a0 \u00a0 \u00a0 \u00a0 \u00a0 \u00a0\u00a0 Lunes a Viernes de 17 a 22hs &#8211; NIVEL SUPERIOR<\/span><\/p>\n<p><span style=\"font-size: 10pt;\">Direcci\u00f3n: Avda. San Mart\u00edn 394<\/span><\/p>\n<p><span style=\"font-size: 10pt;\">Tel\u00e9fonos: 03541-459625\u00a0<\/span><\/p>\n<p style=\"text-align: center;\"><span style=\"font-family: verdana; font-size: 10pt;\">\u00a0<\/span><\/p>\n<p style=\"text-align: center;\"><span style=\"font-family: verdana; font-size: 10pt;\"><img decoding=\"async\" loading=\"lazy\" style=\"float: left; vertical-align: middle;\" src=\"https:\/\/enssaenzpena-cba.infd.edu.ar\/aula\/archivos\/repositorio\/0\/32\/correu8.gif\" alt=\"\" width=\"141\" height=\"85\" border=\"0\" \/><\/span><\/p>\n<p style=\"text-align: center;\"><span style=\"font-family: verdana; font-size: 10pt;\">\u00a0<\/span><\/p>\n<p style=\"text-align: left;\"><span style=\"font-family: verdana; font-size: 10pt;\">\u00a0<\/span><span style=\"font-family: verdana; font-size: 10pt;\"><a href=\"mailto:liceocosquin@gmail.com\">liceocosquin@gmail.com<\/a><\/span><\/p>\n<\/blockquote>\n","protected":false},"excerpt":{"rendered":"<p>COLEGIO SUPERIOR PRESIDENTE ROQUE S\u00c1ENZ PE\u00d1A Horarios de atenci\u00f3n: Lunes a Viernes de 8 a 18 hs &#8211; NIVEL SECUNDARIO \u00a0 \u00a0 \u00a0 \u00a0 \u00a0 \u00a0 \u00a0 \u00a0 \u00a0 \u00a0 \u00a0 \u00a0 \u00a0 \u00a0 \u00a0 \u00a0 \u00a0 \u00a0 \u00a0 \u00a0\u00a0 Lunes a Viernes de 17 a 22hs &#8211; NIVEL SUPERIOR Direcci\u00f3n: Avda. San Mart\u00edn 394 &#8230; <a title=\"Datos institucionales\" class=\"read-more\" href=\"https:\/\/enssaenzpena-cba.infd.edu.ar\/sitio\/datos-institucionales\/\" aria-label=\"More on Datos institucionales\">[+]<\/a><\/p>\n","protected":false},"author":107,"featured_media":0,"parent":0,"menu_order":0,"comment_status":"closed","ping_status":"closed","template":"","meta":[],"acf":[],"_links":{"self":[{"href":"https:\/\/enssaenzpena-cba.infd.edu.ar\/sitio\/wp-json\/wp\/v2\/pages\/756"}],"collection":[{"href":"https:\/\/enssaenzpena-cba.infd.edu.ar\/sitio\/wp-json\/wp\/v2\/pages"}],"about":[{"href":"https:\/\/enssaenzpena-cba.infd.edu.ar\/sitio\/wp-json\/wp\/v2\/types\/page"}],"author":[{"embeddable":true,"href":"https:\/\/enssaenzpena-cba.infd.edu.ar\/sitio\/wp-json\/wp\/v2\/users\/107"}],"replies":[{"embeddable":true,"href":"https:\/\/enssaenzpena-cba.infd.edu.ar\/sitio\/wp-json\/wp\/v2\/comments?post=756"}],"version-history":[{"count":4,"href":"https:\/\/enssaenzpena-cba.infd.edu.ar\/sitio\/wp-json\/wp\/v2\/pages\/756\/revisions"}],"predecessor-version":[{"id":844,"href":"https:\/\/enssaenzpena-cba.infd.edu.ar\/sitio\/wp-json\/wp\/v2\/pages\/756\/revisions\/844"}],"wp:attachment":[{"href":"https:\/\/enssaenzpena-cba.infd.edu.ar\/sitio\/wp-json\/wp\/v2\/media?parent=756"}],"curies":[{"name":"wp","href":"https:\/\/api.w.org\/{rel}","templated":true}]}}