{"id":769,"date":"2018-08-30T11:14:16","date_gmt":"2018-08-30T14:14:16","guid":{"rendered":"https:\/\/enssaenzpena-cba.infd.edu.ar\/sitio\/correlatividades\/"},"modified":"2021-12-10T16:31:18","modified_gmt":"2021-12-10T19:31:18","slug":"correlatividades","status":"publish","type":"page","link":"https:\/\/enssaenzpena-cba.infd.edu.ar\/sitio\/correlatividades\/","title":{"rendered":"Correlatividades"},"content":{"rendered":"<p><span style=\"font-size: 12pt;\"><strong><span style=\"font-family: verdana, geneva;\">El R\u00e9gimen de correlatividades se rige por la Resoluci\u00f3n 832\/2012 de la Direcci\u00f3n General de Educaci\u00f3n Superior<\/span><\/strong><\/span><\/p>\n<p><span style=\"font-size: 12pt; color: #993366;\"><strong><span style=\"font-family: verdana, geneva;\">Es necesario tenerlo presente en la trayectoria de formaci\u00f3n<\/span><\/strong><\/span><\/p>\n<p><span style=\"font-size: 12pt;\"><a href=\"https:\/\/enssaenzpena-cba.infd.edu.ar\/aula\/archivos\/repositorio\/\/0\/99\/832-2012correlatividades.pdf\" target=\"_NEW\" rel=\"noopener\"><strong>832-2012correlatividades.pdf<\/strong><\/a>\u00a0<\/span><\/p>\n<p><iframe loading=\"lazy\" style=\"vertical-align: middle;\" src=\"https:\/\/enssaenzpena-cba.infd.edu.ar\/aula\/archivos\/repositorio\/0\/99\/832-2012correlatividades.pdf\" width=\"513\" height=\"546\" frameborder=\"0\"><\/iframe><\/p>\n","protected":false},"excerpt":{"rendered":"<p>El R\u00e9gimen de correlatividades se rige por la Resoluci\u00f3n 832\/2012 de la Direcci\u00f3n General de Educaci\u00f3n Superior Es necesario tenerlo presente en la trayectoria de formaci\u00f3n 832-2012correlatividades.pdf\u00a0<\/p>\n","protected":false},"author":107,"featured_media":0,"parent":0,"menu_order":0,"comment_status":"closed","ping_status":"closed","template":"","meta":[],"acf":[],"_links":{"self":[{"href":"https:\/\/enssaenzpena-cba.infd.edu.ar\/sitio\/wp-json\/wp\/v2\/pages\/769"}],"collection":[{"href":"https:\/\/enssaenzpena-cba.infd.edu.ar\/sitio\/wp-json\/wp\/v2\/pages"}],"about":[{"href":"https:\/\/enssaenzpena-cba.infd.edu.ar\/sitio\/wp-json\/wp\/v2\/types\/page"}],"author":[{"embeddable":true,"href":"https:\/\/enssaenzpena-cba.infd.edu.ar\/sitio\/wp-json\/wp\/v2\/users\/107"}],"replies":[{"embeddable":true,"href":"https:\/\/enssaenzpena-cba.infd.edu.ar\/sitio\/wp-json\/wp\/v2\/comments?post=769"}],"version-history":[{"count":1,"href":"https:\/\/enssaenzpena-cba.infd.edu.ar\/sitio\/wp-json\/wp\/v2\/pages\/769\/revisions"}],"predecessor-version":[{"id":1196,"href":"https:\/\/enssaenzpena-cba.infd.edu.ar\/sitio\/wp-json\/wp\/v2\/pages\/769\/revisions\/1196"}],"wp:attachment":[{"href":"https:\/\/enssaenzpena-cba.infd.edu.ar\/sitio\/wp-json\/wp\/v2\/media?parent=769"}],"curies":[{"name":"wp","href":"https:\/\/api.w.org\/{rel}","templated":true}]}}