{"id":865,"date":"2019-03-14T19:34:50","date_gmt":"2019-03-14T22:34:50","guid":{"rendered":"https:\/\/enssaenzpena-cba.infd.edu.ar\/sitio\/?page_id=865"},"modified":"2021-03-12T20:01:21","modified_gmt":"2021-03-12T23:01:21","slug":"inscripcion-a-becas-de-nivel-superior","status":"publish","type":"page","link":"https:\/\/enssaenzpena-cba.infd.edu.ar\/sitio\/informacion-para-estudiantes\/inscripcion-a-becas-de-nivel-superior\/","title":{"rendered":"Inscripci\u00f3n a Becas de Nivel Superior | Hasta el 30 de  Abril"},"content":{"rendered":"<p>Del 1 de\u00a0<strong>marzo<\/strong>\u00a0al 30 de\u00a0<strong>abril<\/strong>\u00a0deb\u00e9s inscribirte a progresar.<\/p>\n<p>Record\u00e1 que para TODAS las l\u00edneas de beca (educaci\u00f3n superior, educaci\u00f3n obligatoria y PROGRESAR trabajo) la inscripci\u00f3n se realiza de manera online desde\u00a0<a href=\"https:\/\/play.google.com\/store\/apps\/details?id=ar.com.progresar\">nuestra app<\/a>\u00a0o desde nuestra\u00a0<a href=\"https:\/\/becasprogresar.educacion.gob.ar\/\">web<\/a>.<\/p>\n<p>Te recomendamos que prestes atenci\u00f3n a la hora de completar el formulario de inscripci\u00f3n. La informaci\u00f3n proporcionada en el formulario de inscripci\u00f3n tiene car\u00e1cter de declaraci\u00f3n jurada y la falsedad de los datos vertidos en la misma tendr\u00e1 como consecuencia la imposibilidad de inscribirse a la beca.<\/p>\n<p>\u2013 Los postulantes s\u00f3lo podr\u00e1n inscribirse en\u00a0<strong><u>una<\/u><\/strong>\u00a0l\u00ednea de beca.<\/p>\n<p>\u00a1SEGU\u00cd LOS PASOS!<\/p>\n<p>En \u00ab1. DATOS PERSONALES\u00bb, complet\u00e1 tu informaci\u00f3n y hac\u00e9 click en \u00abACTUALIZAR DATOS\u00bb.<\/p>\n<p>Luego, hace click en \u00ab2. ENCUESTA\u00bb, presion\u00e1 el logo \u00abEncuesta\u00bb, complet\u00e1 tu informaci\u00f3n y hac\u00e9 click en \u00abfinaliz\u00e1 la encuesta\u00bb.<\/p>\n<p>Por \u00faltimo, en \u00ab3. DATOS ACAD\u00c9MICOS\u00bb, eleg\u00ed tu l\u00ednea de BECA correspondiente, complet\u00e1 el formulario y \u00abfinaliz\u00e1 la inscripci\u00f3n\u00bb.<\/p>\n<p>Se registrar\u00e1 tu solicitud una vez finalizados estos 3 pasos.<\/p>\n<p>Te recomendamos que prestes atenci\u00f3n a la hora de completar el formulario de inscripci\u00f3n. La informaci\u00f3n proporcionada en el formulario de inscripci\u00f3n tiene car\u00e1cter de declaraci\u00f3n jurada y la falsedad de los datos vertidos en la misma tendr\u00e1 como consecuencia la imposibilidad de inscribirse a la beca.<\/p>\n<p>-Si el postulante no recuerda su usuario y contrase\u00f1a puede comunicarse al\u00a0<strong>0800-999-1066.<\/strong><\/p>\n<p>&nbsp;<\/p>\n<p><iframe loading=\"lazy\" width=\"1200\" height=\"675\" src=\"https:\/\/www.youtube.com\/embed\/e3jbI1Qph1Y?feature=oembed\" frameborder=\"0\" allow=\"accelerometer; autoplay; clipboard-write; encrypted-media; gyroscope; picture-in-picture\" allowfullscreen><\/iframe><\/p>\n","protected":false},"excerpt":{"rendered":"<p>Del 1 de\u00a0marzo\u00a0al 30 de\u00a0abril\u00a0deb\u00e9s inscribirte a progresar. Record\u00e1 que para TODAS las l\u00edneas de beca (educaci\u00f3n superior, educaci\u00f3n obligatoria y PROGRESAR trabajo) la inscripci\u00f3n se realiza de manera online desde\u00a0nuestra app\u00a0o desde nuestra\u00a0web. Te recomendamos que prestes atenci\u00f3n a la hora de completar el formulario de inscripci\u00f3n. La informaci\u00f3n proporcionada en el formulario de &#8230; <a title=\"Inscripci\u00f3n a Becas de Nivel Superior | Hasta el 30 de  Abril\" class=\"read-more\" href=\"https:\/\/enssaenzpena-cba.infd.edu.ar\/sitio\/informacion-para-estudiantes\/inscripcion-a-becas-de-nivel-superior\/\" aria-label=\"More on Inscripci\u00f3n a Becas de Nivel Superior | Hasta el 30 de  Abril\">[+]<\/a><\/p>\n","protected":false},"author":243,"featured_media":1178,"parent":740,"menu_order":0,"comment_status":"closed","ping_status":"closed","template":"","meta":[],"acf":[],"_links":{"self":[{"href":"https:\/\/enssaenzpena-cba.infd.edu.ar\/sitio\/wp-json\/wp\/v2\/pages\/865"}],"collection":[{"href":"https:\/\/enssaenzpena-cba.infd.edu.ar\/sitio\/wp-json\/wp\/v2\/pages"}],"about":[{"href":"https:\/\/enssaenzpena-cba.infd.edu.ar\/sitio\/wp-json\/wp\/v2\/types\/page"}],"author":[{"embeddable":true,"href":"https:\/\/enssaenzpena-cba.infd.edu.ar\/sitio\/wp-json\/wp\/v2\/users\/243"}],"replies":[{"embeddable":true,"href":"https:\/\/enssaenzpena-cba.infd.edu.ar\/sitio\/wp-json\/wp\/v2\/comments?post=865"}],"version-history":[{"count":4,"href":"https:\/\/enssaenzpena-cba.infd.edu.ar\/sitio\/wp-json\/wp\/v2\/pages\/865\/revisions"}],"predecessor-version":[{"id":1180,"href":"https:\/\/enssaenzpena-cba.infd.edu.ar\/sitio\/wp-json\/wp\/v2\/pages\/865\/revisions\/1180"}],"up":[{"embeddable":true,"href":"https:\/\/enssaenzpena-cba.infd.edu.ar\/sitio\/wp-json\/wp\/v2\/pages\/740"}],"wp:featuredmedia":[{"embeddable":true,"href":"https:\/\/enssaenzpena-cba.infd.edu.ar\/sitio\/wp-json\/wp\/v2\/media\/1178"}],"wp:attachment":[{"href":"https:\/\/enssaenzpena-cba.infd.edu.ar\/sitio\/wp-json\/wp\/v2\/media?parent=865"}],"curies":[{"name":"wp","href":"https:\/\/api.w.org\/{rel}","templated":true}]}}